{"id":40,"date":"2016-09-20T04:30:57","date_gmt":"2016-09-20T04:30:57","guid":{"rendered":"http:\/\/anton.ficai.eu\/?page_id=40"},"modified":"2022-01-08T19:51:56","modified_gmt":"2022-01-08T19:51:56","slug":"conferences","status":"publish","type":"page","link":"https:\/\/anton.ficai.eu\/?page_id=40","title":{"rendered":"Conferences"},"content":{"rendered":"<p style=\"text-align: center;\"><span style=\"color: #000000;\"><span class=\"summary\">Click<strong> <a class=\"download-link\" title=\"\" href=\"http:\/\/anton.ficai.eu?download=580\" rel=\"nofollow\">\n\tCV_A FICAI\t(1501 downloads)\n<\/a><\/strong> for the full CV!<\/span><\/span><\/p>\n<ol>\n<li style=\"text-align: justify;\"><strong><u>Anton FICAI<\/u><\/strong>, Ecaterina ANDRONESCU; NANOPARTICLES: A Challenge of the Future; Romanian International Conference on Chemistry and Chemical Engineering, 2-5 September 2015, Sibiu, Romania<\/li>\n<li style=\"text-align: justify;\"><strong>Anton Ficai<\/strong>; <em>COLL\/HA composite materials for hard tissue engineering;<\/em> Young Scientists Joining Forces for Excellence in Biomaterials Research; May 28TH \u2013 29TH 2015, Bucharest, Romania (<strong>invited speaker<\/strong>)<\/li>\n<li style=\"text-align: justify;\">Sonmez, <strong>A. Ficai<\/strong>, D. Ficai, Dragos Gudovan, E. Andronescu; Composite materials based on zinc alginate and various microporous materials; VII International Materials Symposium \/ XVII Conference of Sociedade Portuguesa dos Materiais Faculdade de Engenharia da Universidade do Porto, Portugal \/ 21 \u2013 23 JUNE, 2015<\/li>\n<li style=\"text-align: justify;\"><strong>Anton FICAI<\/strong>, Maria Sonmez, Madalina Georgiana ALBU, Denisa Ficai, Coralia BLEOTU, Ecaterina Andronescu; Multifunctional materials for BONE CANCER TREATMENT; VII International Materials Symposium \/ XVII Conference of Sociedade Portuguesa dos Materiais Faculdade de Engenharia da Universidade do Porto, Portugal \/ 21 \u2013 23 JUNE, 2015<\/li>\n<li style=\"text-align: justify;\">Denisa Ficai, Maria Sonmez, <strong>Anton FICAI<\/strong>, Laurentia Alexandrescu, Ecaterina Andronescu; Synthesis and characterisation of composite materials based on polypropylene and silicon carbide; VII International Materials Symposium \/ XVII Conference of Sociedade Portuguesa dos Materiais Faculdade de Engenharia da Universidade do Porto, Portugal \/ 21 \u2013 23 JUNE, 2015<\/li>\n<li style=\"text-align: justify;\">M. Sonmez, <strong>A. Ficai<\/strong>, D. Ficai, D. F. Sava, D. Gurau, \u201cObtaining and characterization of nanocomposite based on polypropylene\/graphene oxide\u201d, <em>VII International Materials Symposium \/ XVII Conference of Sociedade Portuguesa dos Materiais , <\/em>Porto, Portugal<em>, <\/em>21-23 June, 2015<em>.<\/em><\/li>\n<li style=\"text-align: justify;\">M. Sonmez<u>,<\/u> <strong>A. Ficai<\/strong>, D. Ficai, Dragos Gudovan, E. Andronescu, \u201cComposite materials based on sodium alginate used to remove heavy metal ions\u201d, <em>VII International Materials Symposium \/ XVII Conference of Sociedade Portuguesa dos Materiais, <\/em>Porto, Portugal<em>, <\/em>21-23 June, 2015<\/li>\n<li style=\"text-align: justify;\">Maria Sonmez, Denisa Ficai, Angela Spoiala, <strong>Anton Ficai<\/strong>, Laurentia Alexandrescu, Ecaterina Andronescu, \u201cTiO<sub>2<\/sub> based multiphase polymer arhitectures for medical and non-medical application\u201d, <em>3rd International Congress on Nano Science &amp; Nano Tehnology (ICNT)<\/em>, Turkey, Istanbul, 2015.<\/li>\n<li style=\"text-align: justify;\">Simona Popescu, Denisa Ficai, <strong>Anton Ficai<\/strong>, Bogdan Vasile, Georgeta Voicu, Maria Sonmez, Roxana Trusca, Ecaterina Andronescu, \u201cMesoporous magnetic bead for drug delivery\u201d, <em>3rd International Congress on Nano Science &amp; Nano Tehnology (ICNT)<\/em>, Turkey, Istanbul, 2015.<\/li>\n<li style=\"text-align: justify;\">M. Sonmez, L.Alexandrescu, <strong>A. Ficai<\/strong>, D. Ficai, M. Georgescu, M. Nituica, \u201cInfluence of organo-inorganic functionalization agent on laminated materials properties\u201d, <em>3rd International Congress on Nano Science &amp; Nano Tehnology (ICNT)<\/em>, Turkey, Istanbul, 2015.<\/li>\n<li style=\"text-align: justify;\">Alexandra Chiric, <strong>Anton Ficai<\/strong>, Roxana Trusc\u0103, Ecaterina Andronescu; Synthesis of cross-linked polyvinyl alcohol for obtaining adsorbent systems to be used in treatment of wastewater contaminated with heavy metals; 2014 Spring Meeting; Lille &#8211; Grand Palais Strasbourg, May 26 &#8211; 30, 2014<\/li>\n<li style=\"text-align: justify;\">Valentina Grumezescu, <strong>Anton Ficai<\/strong>, Alina Maria Holban, Gabriel Socol, Alexandru Mihai Grumezescu, Denisa Ficai, Elena Grosu, Ion Mihailescu, Coralia Bleotu, Mariana Carmen Chifiriuc; MAPLE fabricated PVC-Si coated surfaces with anti-adherent properties; E-MRS 2013 FALL MEETING, Symposium I: Multifunctional Bio-nanomaterials, September 16-19, 2013, Warsaw, Poland<\/li>\n<li style=\"text-align: justify;\">SONMEZ, <strong><u>A. FICAI<\/u><\/strong>, D. FICAI, O. OPREA, G. VOICU, E. ANDRONESCU; Synthesis and Characterization of the Anatase Loaded Mesoporous Photocatalyst; 6<sup>th<\/sup> International Conference on Nanotechnology: Fundamentals and Applications (ICNFA&#8217;15); Barcelona, Spain in July 15-17, 2015 (<strong>oral presentation<\/strong>)<\/li>\n<li style=\"text-align: justify;\">Simona Popescu, Ioana Lavinia Ardelean, Denisa Ficai, <strong>Anton Ficai<\/strong>, Bogdan Stefan Vasile, Ecaterina Andronescu; New multifunctional materials such as MCM \u2013 41\/ Fe<sub>3<\/sub>O<sub>4<\/sub>\/ folic acid as drug delivery system; 7<sup>th<\/sup> International Conference on Nanotechnology: Fundamentals and Applications (ICNFA&#8217;16); Barcelona, Spain in July 15-17, 2015<\/li>\n<li style=\"text-align: justify;\">Maria Sonmez, <strong>Anton Ficai<\/strong>, Denisa Ficai, Ecaterina Andronescu; Organic\/ Inorganic Adsorbents Based on Chitosan\/MCM-48 for Removal of Heavy Metal Ions; 5<sup>th<\/sup> International Conference on Nanotechnology: Fundamentals and Applications (ICNFA&#8217;15); Barcelona, Spain in July 15-17, 2015<\/li>\n<li style=\"text-align: justify;\">Simona Popescu, Ioana Lavinia Ardelean, Denisa Ficai, <strong>Anton Ficai<\/strong>, Bogdan Stefan Vasile, Ecaterina Andronescu, Maria Sonmez, \u201cNew multifunctional materials such as MCM \u2013 41\/ Fe<sub>3<\/sub>O<sub>4<\/sub>\/ folic acid as drug delivery system\u201d, <em><sup>6<\/sup>th International Conference on Nanotechnology: Fundamentals and Applications (ICNFA\u201915)<\/em>, Barcelona, Spain, July 15 \u2013 17, 2015 (POSTER).<\/li>\n<li style=\"text-align: justify;\">Cristescu, V. Grumezescu, A. M. Holban, B.S. Vasile, L. Mogoanta, G. D. Mogosanu, A.M. Grumezescu, G. Socol, I.N. Mihailescu, <strong>A. Ficai<\/strong>, R. Trusca, F. Iordache, D.B. Chrisey, MAPLE-fabricated thin films composed of 5 nm antibiotics functionalized magnetite nanostructures with anti-pathogenic properties, E-MRS 2014 SPRING MEETING, Symposium J: Laser interaction with advanced materials: fundamentals and applications, May 26th-30th, 2014, Lille, <strong>France<\/strong>.<\/li>\n<li style=\"text-align: justify;\">Grumezescu, E. Andronescu, G. Socol, A.M. Holban, <strong>A. M. Grumezescu<\/strong>, <strong>A. Ficai<\/strong>, R. Trusca, F. Iordache, Tetracycline local delivery from \u03b3-aminobutiric acid-silica networks thin films for preventing microbial infections,\u00a0E-MRS 2014 SPRING MEETING: Laser interaction with advanced materials: fundamentals and applications, May 26th-30th, 2014, Lille, <strong>France<\/strong>.<\/li>\n<li style=\"text-align: justify;\">Grumezescu, A.M. Holban, <strong>A.M. Grumezescu<\/strong>, G. Socol, B.S. Vasile, <strong>A. Ficai<\/strong>, R. Trusca, F Iordache, \u03b3-cyclodextrine \u2013 usnic acid thin film prepared by MAPLE for improving medical surfaces resistance to <em>Staphyloccocus aureus<\/em> colonization, E-MRS 2014 SPRING MEETING: Laser interaction with advanced materials: fundamentals and applications, May 26-30th, 2014, Lille,\u00a0<strong>France<\/strong>.<\/li>\n<li style=\"text-align: justify;\">Socol, <strong>A.M. Grumezescu<\/strong>, A.M. Holban, B.S. Vasile, R. Cristescu, V. Grumezescu, D. Ficai, <strong>A. Ficai<\/strong>, R. Trusca, E. Grosu, F. Iordache, Fabrication and characterization of medical surfaces functionalized with silicon polymer for anti-infective therapy applications, E-MRS 2014 SPRING MEETING, Symposium J: Laser interaction with advanced materials: fundamentals and applications, May 26th-30th, 2014, Lille, <strong>France<\/strong><\/li>\n<li style=\"text-align: justify;\">Grumezescu, E. Andronescu, G. Socol, A.M. Holban, L. Mogoanta, G.D. Mogosanu, <strong>A.M. Grumezescu<\/strong>, B.S. Vasile, <strong>A. Ficai<\/strong>, R. Trusca, F. Iordache, Poly(latic-co-glycolic) acid\/chitosan microsphere thin films functionalized with stabilized cinnamomi aetheroleum and magnetite nanoparticles for preventing the microbial colonization of medical surfaces: E-MRS 2014 SPRING MEETING: Solution processing and properties of functional oxide thin films and nanostructures,\u00a0May 26th-30th, 2014, Lille, <strong>France<\/strong>.<\/li>\n<li style=\"text-align: justify;\"><strong> M. Grumezescu<\/strong>, E. Andronescu, A. M. Holban, L. Mogoanta, G. D. Mogosanu, G. Socol, V. Grumezescu, B. S. Vasile, <strong>A. Ficai<\/strong>, R. Trusca, F. Iordache, MAPLE fabricated magnetite@eugenol and poly lactic acid \u2013 chitosan coated surfaces with anti-staphylococcal properties,\u00a0E-MRS 2014 SPRING MEETING: Solution processing and properties of functional oxide thin films and nanostructures, May 26th-30th, 2014, Lille, <strong>France<\/strong>.<\/li>\n<li style=\"text-align: justify;\">Grumezescu, E. Andronescu, A. M. Holban, L. Mogoanta, G. D. Mogosanu, A. M. Grumezescu, G. Socol, B.S. Vasile, <strong>A. Ficai<\/strong>, R. Trusca, F. Iordach, 7 nm natural products functionalized iron oxide nanostructures thin films prepared by MAPLE for improved resistance to microbial colonization of medical surfaces, E-MRS 2014 SPRING MEETING, Symposium I: Solution processing and properties of functional oxide thin films and nanostructures, May 26th-30th, 2014, Lille, <strong>France<\/strong>.<\/li>\n<li style=\"text-align: justify;\">Grumezescu, A.M. Holban, G. Socol, G.D. Mogosanu, A.M. Grumezescu, <strong>A. Ficai<\/strong>, R. Cristescu, I. Mihailescu, C. Bleotu, C. Chifiriuc: MAPLE fabricated magnetite@eugenol and (3-hidroxybutyric acid-co-3-hidroxyvaleric acid) \u2013 polyvinyl alcohol coated surfaces with anti-staphylococcal properties, E-MRS 2013 FALL MEETING, Symposium B: Stress, structure, and stoichiometry effects on the properties of nanomaterials II, September 16-19, 2013, Warsaw, Poland.<\/li>\n<li style=\"text-align: justify;\">Grumezescu, <strong>A. Ficai<\/strong>, A.M. Holban, G. Socol, A.M. Grumezescu, D. Ficai, E. Grosu, I. Mihailescu, C.oralia Bleotu, M.C. Chifiriuc: MAPLE deposition of silicon based polymer coatings on PVC with anti-adherent properties, E-MRS 2013 FALL MEETING, Symposium I: Multifunctional Bio-nanomaterials, September 16-19, 2013, Warsaw, Poland.<\/li>\n<li style=\"text-align: justify;\">Grumezescu, A.M. Holban, G. Socol, G.D. Mogosanu, A.M. Grumezescu, <strong>A. Ficai<\/strong>, R. Cristescu, I. Mihailescu, C. Bleotu, C. Chifiriuc: Anti-fungal surface based on stabilized Cinnamomi aetheroleum and poly(3-hidroxybutyric acid-co-3-hidroxyvaleric acid) \u2013 polyvinyl alcohol microspheres fabricated by MAPLE technique, E-MRS 2013 FALL MEETING,\u00a0Symposium G: Bioinspired and Biointegrated Materials as Frontiers Nanomaterials III, September 16-19, 2013, Warsaw, Poland.<\/li>\n<li style=\"text-align: justify;\">M. Ditu, A.M. Grumezescu, E. Andronescu, <strong>A. Ficai<\/strong>, V. Grumezescu, G. Mihaescu, M.C. Chifiriuc: Phytonanofluid coating agent to prevent fungal colonization. 18<sup>th<\/sup> Romanian International Conference on Chemistry and Chemical Engineering, September 4 \u2013 7, 2013, Sinaia, Romania.<\/li>\n<li style=\"text-align: justify;\">I. Cotar, A.M. Grumezescu, E. Andronescu, <strong>A. Ficai<\/strong>, V. Grumezescu, V. Lazar, M.C. Chifiriuc: Influence of the Fe3O4@ATB nanoparticles on <em>Enterococcus faecalis<\/em> cells. 18<sup>th<\/sup> Romanian International Conference on Chemistry and Chemical Engineering, September 4\u20137, 2013, Sinaia, Romania.<\/li>\n<li style=\"text-align: justify;\">M. Grumezescu, G. Socol, V. Grumezescu, E. Axente, M. Socol, <strong>A. Ficai<\/strong>, E. Andronescu, C.D. Ghitulica, I.N. Mihailescu, C. Bleotu, C.M. Chifiriuc: Biocompatible magnetic PLGA-PVA thin film fabricated by MAPLE for the design of new surfaces resistant to microbial colonization,\u00a0Symposium R, E-MRS, May 27-31, 2013, Strasbourg, France.<\/li>\n<li style=\"text-align: justify;\">Grumezescu, G. Socol, A.M. Grumezescu, G. Voicu, C. Bleotu, <strong>A. Ficai<\/strong>, I. Mihailescu, C.D. Ghitulica, E. Andronescu, C. Chifiriuc: Functionalized antimicrobial thin films based on PLA-PVA microspheres loaded with natural compounds fabricated by MAPLE technique,Symposium V, E-MRS, May 27-31, <strong>2013<\/strong>, Strasbourg, <strong>France<\/strong><\/li>\n<li style=\"text-align: justify;\">Ecaterina Andronescu, Alexandru Grumezescu, <strong>Anton Ficai<\/strong>, Bogdan Stefan Vasile, Valentina Grumezescu, Eugeniu Vasile, Denisa Ficai, Fabrication of iron oxide nanospheres using pyrosol tehnique, ICAMS proceedings, 2012.<\/li>\n<li style=\"text-align: justify;\"><strong> Ficai<\/strong>, E. Andronescu, M. G. Albu, A. Grumezescu, M. Sonmez, D. Ficai; Synthesis and characterization of dense COLL\/HA composite materials; Proceedings of the 3rd International Conference on Advanced Materials and Systems, ICAMS 2012, xxx-xxx (Indexat SCOPUS)<\/li>\n<li style=\"text-align: justify;\">Crina-Maria Kamerzan (Saviuc), Alexandru Mihai Grumezescu, <strong>Anton Ficai<\/strong>, Ecaterina Andronescu, Carmen Chifiriuc, Veronica Laz\u0103r; Aplica\u0163ii nanotehnologice \u00een formularea farmaceutic\u0103 a unor uleiuri volatile &#8211; solu\u0163ii pentru managementul infec\u0163iilor cu microorganisme incluse \u00een biofilme; WORKSHOP EXPLORATORIU &#8211; Interrela\u0163ia microorganism-gazd\u0103 \u00een patogeneza bolilor infec\u0163ioase; Bucure\u015fti, 26-27 septembrie 2012<\/li>\n<li style=\"text-align: justify;\">M.C. Chifiriuc, A.M. Grumezescu, E. Andronescu, C. Saviuc, <strong>A. Ficai<\/strong>, C. Bleotu, V. Lazar: Biocompatibility Evaluation of Putative Magnetic Drug Carriers by Flow Citometry. The 8<sup>th<\/sup> National Congress of Cytometry, 10-11 mai 2012, Bucuresti, Romania.<\/li>\n<li style=\"text-align: justify;\">M. Dumitra\u015fcu, V. Meltzer, E. Sima, M. V\u00eergolici, <strong>A. Ficai<\/strong>, M.G. Albu, R. Minea, V.I. Moise, E. Mitru, A. Sc\u0103ri\u015foreanu; Characterization of electron beam irradiated collagen-polyvinylpyrrolidone(COL\/PVP) and collagen-dextran (COL\/DEX) blends; 12th Tihany Symposium on Radiation Chemistry; 27.08-1.09.2011, Zalakaros, HUNGARY<\/li>\n<li style=\"text-align: justify;\">Valentina MITRAN, <strong>Anton FICAI<\/strong>, Bianca GALATEANU, Ecaterina ANDRONESCU, Anisoara CIMPEAN; Antineoplastic activity of cisplastin loaded in a collagen\/hydroxyapatite composite on osteosarcoma cells; European Biotechnology Congress 2011; 28.09-01.10.2011; Istanbul, Turkey<\/li>\n<li style=\"text-align: justify;\">A. ILIE, E. ANDRONESCU, G. VOICU, A. CUCURUZ, <strong>A. FICAI<\/strong>; Antiseptic composite materials (CM) for biomedical applications; 17th Romanian International Conference on Chemistry and Chemical Engineering September 7\u201310,2011, Sinaia\u2013Romania;<\/li>\n<li style=\"text-align: justify;\">E. ANDRONESCU, D. FICAI, M. SONMEZ, M. G. ALBU, G. VOICU, <strong>A. FICAI<\/strong>; Stratified COLL\/HA composite materials for bone grafting; 17th Romanian International Conference on Chemistry and Chemical Engineering September 7\u201310,2011, Sinaia\u2013Romania <strong>(oral presentation)<\/strong>;<\/li>\n<li style=\"text-align: justify;\">D. Ficai, E. Andronescu, <strong>A. Ficai<\/strong>, B. Vasile, C. Comanescu, C. Guran; Synthesis and characterization of mesoporous magnetic nanoparticles; 17th Romanian International Conference on Chemistry and Chemical Engineering September 7\u201310,2011, Sinaia\u2013Romania <strong>(oral presentation)<\/strong>;<\/li>\n<li style=\"text-align: justify;\">I. Titorencu, M.G. Albu, A. Georgescu, V. Jinga, <strong>A. Ficai<\/strong>. Collagen \u2013dexamethasone and collagen-d3 scaffolds for bone tissue engineering: an in vitro study, 11th International Conference on Frontiers of Polymers and Advanced Materials, 22-27 Mai 2011, Pretoria, Africa de Sud<\/li>\n<li style=\"text-align: justify;\">M.G.Albu, M.V. Ghica, <strong>A. Ficai<\/strong>, I. Titorencu, L. Popa, <em>The influence of freeze-drying process on porosity and kinetics release of collagen-doxycycline matrices,<\/em> The 3<sup>rd<\/sup> International Conference on Advanced Materials and Systems, Bucuresti, 16-18 septembrie 2010 <strong>(oral presentation)<\/strong>.<\/li>\n<li style=\"text-align: justify;\"><strong>A. Ficai<\/strong>, I. A. Nedelcu, A. Ilie, M. G. Albu, M. Ficai, G. Voicu, B. S. Vasile, D. Ficai, E. Andronescu; Antiseptic Materials Containing Silver Nanoparticles; 4<sup>th<\/sup>\u00a0 International Conference \u201eBiomaterials, Tissue Engineering and Medical Devices\u201d (BiomMedD&#8217;2010), Sinaia, 23-25 septembrie 2010.<\/li>\n<li style=\"text-align: justify;\">D. Ficai, <strong>A. Ficai<\/strong>, Bogdan St.Vasile, Maria Ficai, Ovidiu Oprea, E. Andronescu\u00a0; Synthesis of rod-like magnetite by using low magnetic field; 4<sup>th<\/sup>\u00a0 International Conference \u201eBiomaterials, Tissue Engineering and Medical Devices\u201d (BiomMedD&#8217;2010), Sinaia, 23-25 septembrie 2010.<\/li>\n<li style=\"text-align: justify;\">Alexandru NITULETE, Lucian GOMOESCU, Andreia ILIE, Stefan PALL, Maria FICAI, Bogdan VASILE, <strong>A. FICAI<\/strong>, Georgeta VOICU, Cristina GHITULICA, E. ANDRONESCU; Mineralizarea diverselor forme colagenice prin metoda imersiei in SBF; \u015eedin\u0163a lunar\u0103 de comunic\u0103ri \u015ftiin\u0163ifice a Societ\u0103\u0163ii de \u015ftiin\u0163e farmaceutice din Rom\u00e2nia, Filiala Craiova, 20 octombrie 2009, Craiova <strong>(invited speaker)<\/strong><\/li>\n<li style=\"text-align: justify;\">Andreia Ilie, E. ANDRONESCU, Georgeta VOICU, Georgeta PALL, M.G. ALBU, <strong>A. FICAI<\/strong>; Porous collagen matrices mineralised in simulated body fluid; 16th Romanian International Conference on Chemistry and Chemical Engineering September 9 \u2013 12, 2009, Sinaia \u2013 Romania, pag 28<\/li>\n<li style=\"text-align: justify;\">D. M\u00e2nzu, F. Dumitru, A. Razvan, <strong>A. Ficai<\/strong>, C. Guran; Synthesis and characterization of organo-substituted cyclophosphazene\/silica composites; 16th Romanian International Conference on Chemistry and Chemical Engineering September 9 \u2013 12, 2009, Sinaia \u2013 Romania<\/li>\n<li style=\"text-align: justify;\">M. Alexie, F. Dumitru, L. Pas\u0103re, D. Ra\u0163\u0103, A. Nicolescu, C. Deleanu, D. M\u00e2nzu, <strong>A. Ficai<\/strong>, A. R\u0103zvan, M. Serb, C. Guran; 2,6-pyridinediamides as anion recognition fixed sites in membranes;16th Romanian International Conference on Chemistry and Chemical Engineering September 9 \u2013 12, 2009, Sinaia \u2013 Romania<\/li>\n<li style=\"text-align: justify;\"><strong>A. Ficai<\/strong>, G. Voicu, C. Ghitulica, M.Ficai, D.Manzu, V. Trandafir, E. Andronescu; Bone grafts obtained by collagen mineralization; Nanomedicine 2009 &#8211; 2nd European Summer School in Nanomedicine; Lisbon (Portugal), 12th-16th June 2009 <strong>(oral presentation);<\/strong><\/li>\n<li style=\"text-align: justify;\"><strong>A. FICAI<\/strong>, E. ANDRONESCU, Georgeta VOICU, \u015etefan PALL, Bogdan \u015etefan VASILE; Materiale compozite pentru aplicatii in ortopedie; Zilele U.M.F. din Craiova, Edi\u0163ia a XXXIX-a 5-6 Iunie 2009 (prezentare oral\u0103)<\/li>\n<li style=\"text-align: justify;\"><strong>A.FICAI<\/strong>, E. ANDRONESCU, G. VOICU, C. GHITULICA, V. TRANDAFIR, S. PALL; Self assembled, highly oriented collagen\/hydroxyapatite composite materials; <em>Biommed,<\/em> 13-16.11.2008, Bucharest, Romania (poster)<\/li>\n<li style=\"text-align: justify;\">Dumitru, F., Razvan, A., Serb, M., <strong>Ficai, A.,<\/strong> Guran, C., Ion\/Pair Extraction with Heteroditopic Receptors Grafted onto Silica Surface;<em> 4th IUPAC-Sponsored International Symposium on Macro- and Supramolecular Architectures and Materials Synthesis, Properties and Applications, 7 \u2013 11.09.2008 Dusseldorf, Germany (poster)<\/em><\/li>\n<li style=\"text-align: justify;\">Dumitru, F., Alexie, M., Pasare, L., Rata, D., Nicolescu, A., Deleanu, C., Manzu, D., <strong>Ficai, A.<\/strong>, Razvan, A., Guran, C., Membranes Containing Mercapto-2,6-Pyridindiamides as Anion Recognition Fixed Sites<em>;<\/em> <em>4th IUPAC-Sponsored International Symposium on Macro- and Supramolecular Architectures and Materials Synthesis, Properties and Applications, 7 \u2013 11.09.2008 Dusseldorf, Germany (poster)<\/em><\/li>\n<li style=\"text-align: justify;\">F. Dumitru, M. Alexie, L. Pas\u0103re, D. Ra\u0163\u0103, A. Nicolescu, C. Deleanu, D. M\u00e2nzu, <strong>A. Ficai, <\/strong>A. R\u0103zvan, C. Guran; New Membranes with Anion Recognition Fixed Sites, Excellence Research &#8211; A Way to Innovation, Brasov 27 &#8211; 29.07.2008 <strong>(oral presentation).<\/strong><\/li>\n<li style=\"text-align: justify;\"><strong>A. FICAI<\/strong>, V. TRANDAFIR, E. ANDRONESCU; Electric field influence on collagen mineralization process; 8th World Biomaterials Congress; 27.05 \u2013 02.06 2008, Amsterdam, Netherlands (poster)<\/li>\n<li style=\"text-align: justify;\"><strong>A. Ficai<\/strong>, V. Trandafir, E. Andronescu, Interactiile colagen\/hidroxiapatita in biomaterialele compozite; Simpozionul Na\u0163ional de Biomateriale \u201c<em>Biomateriale \u015fi Aplica\u0163ii Medico-Chirurgicale<\/em>\u201d editia a VI-a, 18-20 octombrie 2007 Cluj Napoca <strong>(oral presentation)<\/strong>.<\/li>\n<li style=\"text-align: justify;\"><strong>A. FICAI<\/strong>, V. TRANDAFIR, E. ANDRONESCU; Collagen\/hydroxyapatite composite materials for bone tissue repairing; <em>Romanian International Conference on Chemistry and Chemical Engineering XV<\/em>, September 19 \u2013 22, 2007, pg S6-53.<\/li>\n<li style=\"text-align: justify;\">A.C. ION, I. ION and <strong>A. FICAI<\/strong>; Environmental analytical chemistry. Applications of nanosensors. Chemically modified electrode for NO<sub>2<\/sub> &#8211; determination in environmental applications; <em>212th ECS Meeting<\/em> \u2013 Washington, DC; October 7 &#8211; October 12, 2007.<\/li>\n<li style=\"text-align: justify;\">F. Dumitru, A. Razvan, M. \u015eerb, <strong>A. Ficai, <\/strong>C. Guran; Immobilized Crown Ethers in Nanostructured Inorganic Matrix for Ion Pair Selective Extraction; International Soft Matter Conference 2007; 1 \u2013 4 October 2007 Aachen, Germany.<\/li>\n<li style=\"text-align: justify;\">F. Dumitru, A. Razvan, M. \u015eerb, <strong>A. Ficai<\/strong>, C. Guran, Mesoporous molecular sieves (MCM-41) functionalized with crown ethers for ion pair extraction, Second International Symposium, Advanced micro- and mesoporous materials, September 6-9, <strong>2007<\/strong>, Varna, Bulgaria, (poster).<\/li>\n<li style=\"text-align: justify;\">A.C. ION, I. ION, <strong>A. FICAI<\/strong>, D.N. STEFAN<em>; <\/em>Chemically modified electrode for NO<sub>2<\/sub>&#8211; determination in environmental applications; <em>The 2nd International Congress on NanoBiotechnology &amp; Nanomedicine (NanoBio 2007)<\/em>, June 18-21, 2007; San Francisco, California, USA (poster).<\/li>\n<li style=\"text-align: justify;\">AC. ION, I. ION, <strong>A. FICAI<\/strong>, and L. BARBU; Environmental applications of a chemically modified electrode for NO2, <em>ETH Zurich<\/em>; June 28 \u2013 29, 2007.<\/li>\n<li style=\"text-align: justify;\">A.C. ION, I. ION, L. BARBU, <strong>A. FICAI<\/strong>, D.N. STEFAN; Environmental Analytical Chemistry. Applications of nanosensors, <em>Al 6-lea seminar national de nanostiinta si nanotehnologie<\/em>, 2006, vol. 6, pag. 8.<\/li>\n<li style=\"text-align: justify;\">A.C. ION, I. ION, D. N. STEFAN, <strong>A. FICAI<\/strong>; Improving mercury speciation in urine samples using potentiometric methods; 10 th International Biomedical Engineering Conference, Kaunas University of Technology, Biomedical Engineering Institute, October 26-27, 2006.<\/li>\n<li style=\"text-align: justify;\">F. DUMITRU, V. MARIN, <strong>A. FICAI,<\/strong> C. GURAN, Electrochemical recognition of K<sup>+<\/sup> by redox-active crown ether. 3<sup>rd<\/sup> International Conference of the Chemical Societies of the South-Eastern European Countries on Chemistry in the New Millennium \u2013 an Endless Frontier, 2002, vol. (I).<\/li>\n<\/ol>\n<p style=\"text-align: center;\"><span style=\"color: #000000;\"><span class=\"summary\">Click<strong> <a class=\"download-link\" title=\"\" href=\"http:\/\/anton.ficai.eu?download=580\" rel=\"nofollow\">\n\tCV_A FICAI\t(1501 downloads)\n<\/a><\/strong> for the full CV!<\/span><\/span><\/p>\n","protected":false},"excerpt":{"rendered":"<p>Click for the full CV! Anton FICAI, Ecaterina ANDRONESCU; NANOPARTICLES: A Challenge of the Future; Romanian International Conference on Chemistry and Chemical Engineering, 2-5 September 2015, Sibiu, Romania Anton Ficai; COLL\/HA composite materials for hard tissue engineering; Young Scientists Joining Forces for Excellence in Biomaterials Research; May 28TH \u2013 29TH &hellip;<\/p>\n","protected":false},"author":1,"featured_media":0,"parent":28,"menu_order":6,"comment_status":"closed","ping_status":"closed","template":"","meta":{"footnotes":""},"class_list":["post-40","page","type-page","status-publish","hentry"],"_links":{"self":[{"href":"https:\/\/anton.ficai.eu\/index.php?rest_route=\/wp\/v2\/pages\/40","targetHints":{"allow":["GET"]}}],"collection":[{"href":"https:\/\/anton.ficai.eu\/index.php?rest_route=\/wp\/v2\/pages"}],"about":[{"href":"https:\/\/anton.ficai.eu\/index.php?rest_route=\/wp\/v2\/types\/page"}],"author":[{"embeddable":true,"href":"https:\/\/anton.ficai.eu\/index.php?rest_route=\/wp\/v2\/users\/1"}],"replies":[{"embeddable":true,"href":"https:\/\/anton.ficai.eu\/index.php?rest_route=%2Fwp%2Fv2%2Fcomments&post=40"}],"version-history":[{"count":4,"href":"https:\/\/anton.ficai.eu\/index.php?rest_route=\/wp\/v2\/pages\/40\/revisions"}],"predecessor-version":[{"id":593,"href":"https:\/\/anton.ficai.eu\/index.php?rest_route=\/wp\/v2\/pages\/40\/revisions\/593"}],"up":[{"embeddable":true,"href":"https:\/\/anton.ficai.eu\/index.php?rest_route=\/wp\/v2\/pages\/28"}],"wp:attachment":[{"href":"https:\/\/anton.ficai.eu\/index.php?rest_route=%2Fwp%2Fv2%2Fmedia&parent=40"}],"curies":[{"name":"wp","href":"https:\/\/api.w.org\/{rel}","templated":true}]}}