{"id":44,"date":"2016-09-20T04:38:54","date_gmt":"2016-09-20T04:38:54","guid":{"rendered":"http:\/\/anton.ficai.eu\/?page_id=44"},"modified":"2022-01-08T19:51:31","modified_gmt":"2022-01-08T19:51:31","slug":"patents","status":"publish","type":"page","link":"https:\/\/anton.ficai.eu\/?page_id=44","title":{"rendered":"Patents"},"content":{"rendered":"<p style=\"text-align: center;\"><span style=\"color: #000000; font-family: arial, helvetica, sans-serif;\"><span class=\"summary\">Click<strong> <a class=\"download-link\" title=\"\" href=\"http:\/\/anton.ficai.eu?download=580\" rel=\"nofollow\">\n\tCV_A FICAI\t(1501 downloads)\n<\/a><\/strong> for the full CV!<\/span><\/span><\/p>\n<p style=\"text-align: justify;\"><span style=\"font-family: arial, helvetica, sans-serif;\"><strong>ISSUED PATTENTS:<\/strong><\/span><\/p>\n<ol>\n<li><strong>Anton FICAI<\/strong>, Geanina Silviana BANU, Denisa FICAI, Claudiu Virgil BANU, Nicolae COSTACHE, Procedeu de ob\u021binere a nanopulberilor, instala\u021bie pentru realizarea procedeului \u0219i nanopulberi astfel ob\u021binute, cerere de brevet na\u0163ional\u0103 \u00eenregistrat\u0103 la OSIM cu nr. A\/00415 din 12.06.2018; <a href=\"https:\/\/ro.espacenet.com\/publicationDetails\/originalDocument?FT=D&amp;date=20201230&amp;DB=ro.espacenet.com&amp;locale=ro_RO&amp;CC=RO&amp;NR=133758B1&amp;KC=B1&amp;ND=4\">RO133758 (B1)<\/a>.<\/li>\n<li>SONMEZ Maria; FICAI Denisa; CONSTANTINESCU Doina; ALEXANDRESCU Lauren\u0163ia; GEORGESCU Mihai; FICAI Anton; STELESCU Maria Daniela; Compozit polimeric hibrid pe baz\u0103 de polietilen tereftalat reciclat, armat cu fibre naturale func\u0163ionalizate; <a href=\"https:\/\/ro.espacenet.com\/publicationDetails\/originalDocument?FT=D&amp;date=20210226&amp;DB=ro.espacenet.com&amp;locale=ro_RO&amp;CC=RO&amp;NR=133422B1&amp;KC=B1&amp;ND=4\">RO133422 (B1)<\/a>;<\/li>\n<li>SONMEZ Maria, NITUICA Mihaela, ALEXANDRESCU Laura, STELESCU Daniela Maria, GEORGESCU Mihai, FICAI Denisa, <strong>FICAI Anton<\/strong>, CONSTANTINESCU Doina, CONSTANTINESCU Murariu Bogdan; Hybrid composite materials based on polypropylene reinforced with silicon carbide whiskers and functionalized fiberglass, and process for preparing the same \/ Materiale compozite hibride pe baz\u0103 de polipropilen\u0103 armat\u0103 cu whiskersuri din carbur\u0103 de siliciu \u015fi fibre de sticl\u0103 func\u0163ionalizate \u015fi procedeu de ob\u0163inere a acestora; OSIM A\/00613\/06\/09\/2016; RO132437 (A2); <a href=\"https:\/\/worldwide.espacenet.com\/patent\/search?q=pn%3DRO132437B1\">RO132437B1<\/a><\/li>\n<li><strong> Ficai<\/strong>, E. Andronescu, C. D. Ghitulica, D. Ficai, G. Voicu, M. G. Albu; Process for preparing composite multi-purpose materials with possible applicability in the treatment of bone cancer \/ Procedeu de obtinere a unor materiale compozite, multifunctionale, cu potentiale aplicatii \u00een tratarea cancerului osos, Patent No. RO127725\/30. 03. 2015 issued by OSIM; <a href=\"https:\/\/worldwide.espacenet.com\/patent\/search?q=pn%3DRO127725B1\">RO127725B1<\/a>;<\/li>\n<li>Maria SONMEZ, Lauren\u0163ia ALEXANDRESCU, Mihai GEORGESCU, Mihaela NITUICA, Denisa FICAI, <strong>Anton FICAI<\/strong>, Lidia AVADANEI; Layered composite based on polypropylene reinforced with treated glass fibre cloth \/ Compozit stratificat pe baz\u0103 de polipropilen\u0103 armat\u0103 cu \u0163es\u0103tur\u0103 din fibr\u0103 de sticl\u0103 tratat\u0103; OSIM A\/00793\/27.10.2014; <a href=\"https:\/\/worldwide.espacenet.com\/patent\/search?q=pn%3DRO131034B1\">RO131034B1<\/a>;<\/li>\n<li>Denisa FICAI, Ecaterina ANDRONESCU, Maria SONMEZ, <strong>Anton FICAI<\/strong>, Ovidiu OPREA, Bogdan Stefan VASILE, Multifunction systems of the magnetite\/thioacids\/Ag or Au type, to be employed in cancer diagnosis and guided treatment \/ Sisteme multifunc\u0163ionale de tip magnetita\/tioacizi\/Ag sau Au, utilizate pentru diagnoza \u015fi tratamentul dirijat al cancerului, A\/00238\/2013 (RO129824 (A2); <a href=\"https:\/\/worldwide.espacenet.com\/patent\/search?q=pn%3DRO129824B1\">RO129824B1<\/a>);<\/li>\n<li><strong>Anton FICAI<\/strong>, Ecaterina ANDRONESCU, Madalina Georgiana ALBU; Denisa FICAI, Maria SONMEZ; Osteoinductive and osteoconductive bone grafts and process for preparing the same \/ Grefe osoase osteoinductive si osteoconductive si procedeu de ob\u0163inere a acestora); OSIM A00239\/23.03.2013; <a href=\"https:\/\/worldwide.espacenet.com\/patent\/search?q=pn%3DRO129823B1\">RO129823B1<\/a>;<\/li>\n<li>Denisa Ficai, <strong>Anton Ficai<\/strong>, Cornelia Guran, Ecaterina Andronescu, Technology for obtaining functionalized magnetic systems \/ Tehnologie de ob\u0163inere a unor sisteme magnetice func\u0163ionalizate, No: A00164\/2011; (RO127889 (A2); RO127889 (B1)).<\/li>\n<\/ol>\n<p style=\"text-align: justify;\"><span style=\"font-family: arial, helvetica, sans-serif;\"><strong>\u00a0<\/strong><\/span><\/p>\n<p style=\"text-align: justify;\"><span style=\"font-family: arial, helvetica, sans-serif;\"><strong>PATENT APPLICATIONS:<\/strong><\/span><\/p>\n<ol>\n<li>Marin GHEORGHE, Anton FICAI, Ecaterina ANDRONESCU, Denisa FICAI, Deorgiana DOLETE, Bodan MIHAILESCU, Micropompa electromagnetica si procedeu de realizare a acesteia; A00774\/10.12.2021;<\/li>\n<li>Denisa FICAI, Georgiana DOLETE, Alexa-Maria CROITORU, Marcela POPA, Laura-Florentina BOAN\u0162\u0102, Dan Eduard MIHAIESCU, Anton FICAI, Ecaterina ANDRONESCU, Carmen CHIFIRIUC; Tehnologie de tratare a apelor uzate de la nivelul sta\u0163iilor de epurare cu potential ridicat de antibiotic, pesticide sau alte substan\u0163e biologic active; A\/00707\/24.11.2021;<\/li>\n<li>Codina MOVILEANU, Denisa FICAI, Anton FICAI, Manuela C\u0102LIN, Maria Florentina ANGHELACHE, Anca Violeta GAFENCU, Gheorghe FUNDUEANU-CONSTANTIN, Mariana PINTEALA, Maya SIMIONESCU, Ecaterina ANDRONESCU; Sisteme inteligente de nanoparticule pentru internalizare celular\u0103; A\/00339\/15.06.2021<\/li>\n<li>Liliana MARINESCU, Laura-Florentina BOANTA, Anton FICAI, Denisa FICAI, Ecaterina ANDRONESCU, Procedeu de tratament a diverselor substraturi naturale sau sintetice \u00een vederea inducerii de activit\u0103\u01abi antimicrobiene, antibiofilm, antifungice, antialgice sau chiar antivirale bazate pe nanotehnologii; A\/00075\/25.02.2021<\/li>\n<li>Anton FICAI, Denisa FICAI, Ludmila MOTELICA, Ovidiu-Cristian OPREA, Ecaterina ANDRONESCU; Compozi\u021bii \u015fi procedeu de tratare a materialelor destinate dezvolt\u0103rii de dispozitive (medicale) de protec\u021bie cu rol antiviral \u0219i antimicrobian; OSIM, A\/00244\/06.05.2020.<\/li>\n<li>SUCIU Alexandru; SEMENESCU Augustin; FICAI Anton; SUCIU Ioan Alexandru; Dispozitiv medical multifunc\u0163ional pentru tratamentul patologiei anorectale; RO134021 (A0) \u2015 2020-04-30<\/li>\n<li>SUCIU Alexandru, SEMENESCU Augustin, FICAI Anton, SUCIU Ioan Alexandru; Preparat farmaceutic semisolid pentru terapia topic\u0103 combinat\u0103 a patologiei anorectale;<\/li>\n<li>Ovidiu-Cristian OPREA, Anton FICAI, Denisa FICAI, Ludmila MOTELICA, Roxana TRU\u0218C\u01cd, Ecaterina ANDRONESCU; \u201c<em>Compozi\u021bii \u015fi procedeu de tratare a h\u00e2rtiei, pergamentului sau altor suporturi ale \u00eenscrisurilor, pentru \u00eendep\u0103rtarea agen\u021bilor patogeni de tip fungi, mucegai sau bacterii<\/em>\u201d; A00798 \/27.11.2019;<\/li>\n<li>Ovidiu-Cristian OPREA, Anton FICAI, Denisa FICAI, Ludmila MOTELICA, Roxana TRU\u0218C\u01cd, Ecaterina ANDRONESCU; \u201c<em>Compozi\u021bii \u015fi procedeu de tartare a obiectelor din piele pentru conferirea activit\u0103\u0163ii antibacteriene \u015fi antifungice<\/em>\u201d; A00794 \/27.11.2019;<\/li>\n<li>Coralia Bleotu; Laura Denisa Dragu; Lilia Matei; Carmen Cristina Diaconu; Mihaela Chivu-Economescu; Andrada Sabina Zurac; Ana Iulia Neagu; Laura Georgiana Necula; Alina Maria Holban; Lia-Mara Ditu; Mariana Carmen Chifiriuc; Veronica Lazar; Gradisteanu Gratiela; Ionela-Andreea Neacsu; Vladimir Lucian Ene; Ecaterina Andronescu; <strong>Anton Ficai<\/strong>; Cristina Balas; Cristina Ciobanu; Laurentiu Cezar Irimia; Stela Daniela Dragan. Procedeu de ob\u021binere a unor hidrogeluri compozite pe baz\u0103 de colagen \u0219i nanoparticule de argint pentru prevenirea infec\u021biilor de plag\u0103, Nr Inregistrare OSIM: A1009\/29.11.2018; RO134197\u00a0(A2) \/ 2020-06-30;<\/li>\n<li><strong>Anton FICAI<\/strong>, Geanina Silviana BANU, Denisa FICAI, Claudiu Virgil BANU, Nicolae COSTACHE, Method for producing nanopowders, device for producing nanopowder thereof and nanopowders thus produced; European patent request EP18464005\/10-12.2018;<\/li>\n<li>Denisa FICAI; Andreea ILIEV; <strong>Anton FICAI<\/strong>; Violeta Georgeta TRUSCA; Anca Violeta GAFENCU; Sanda-Maria BUCATARIU; Gheorghe FUNDUEANU-CONSTANTIN; Maya SIMIONESCU; Ecaterina ANDRONESCU. Vezicule \u0219i tuburi polimerice \u0219i tehnologie de ob\u021binere a acestora. A 01054\/05.12.2018 \u00eenregistrat\u0103 la OSIM;<\/li>\n<li>Denisa FICAI, Ioana ARDELEAN, Cornelia ILIE, Manuela C\u0102LIN, Elena-Valeria FUIOR, Adrian FIFERE, Mariana PINTEAL\u0102, Gheorghe FUNDUEANU-CONSTANTIN, <strong>Anton FICAI<\/strong>, Maya SIMIONESCU, Ecaterina ANDRONESCU \u201cSeparator (electro)magnetic vertical a nanoparticulelor izomagnetice\u201d, A 01055\/05.12.2018 \u00eenregistrat\u0103 la OSIM;<\/li>\n<li><strong>Anton Ficai<\/strong>, Madalina Georgiana Albu-Kaya, Denisa Ficai, Valentina Mitran, Ani\u0219oara Cimpean, Ecaterina Andronescu, Materialele compozite polimer\/ceramic\u0103 \u0219i procedeu de ob\u021binere a acestora, cerere de brevet Nr. A 01045\/07. 12. 2017 inregistrat\u0103 la OSIM.<\/li>\n<li><strong>Anton FICAI<\/strong>, Denisa FICAI, Ovidiu OPREA, Ecaterina ANDRONESCU, Stefan MANEA, Anna-Maria PANGIC\u0102, Petru BODOGA, Ludmila MOTELICA; Innovative composition for dental application \/ Compozi\u0163ie inovativ\u0103 pentru aplica\u021bii dentare; Cerere Numar \u00eenregistrare OSIM: A00734\/27. 09. 2017; RO133247A2<\/li>\n<li>Alexandrescu Lauren\u0163ia; FICAI Anton; GEORGESCU Mihai; SONMEZ Maria; TUDOROIU Ligian; Nanostructured polymer composite based on polyamide, polyethylene and functionalized carbon nanoparticles, meant for railway industry; RO133421A2\u00b72019-06-28;<\/li>\n<li>Albu Kaya M\u0103d\u0103lina Georgiana; Baciu Constantin Cosmin; Ficai Anton; Ficai Denisa; Marin Maria Minodora; Popescu Gheorghe Ion; Albu Kaya M\u0103d\u0103lina Georgiana; Baciu Constantin Cosmin; Ficai Anton; Ficai Denisa; Marin Maria Minodora; Popescu Gheorghe Ion; Compositions for coating synthetic polymer ligaments with collagen type I and process for preparing the same; RO201700754A\u00b72017-09-27; RO133135A2<\/li>\n<li><strong>Anton FICAI<\/strong>, Denisa FICAI, Ovidiu OPREA, Stefan MANEA, Anna-Maria PANGIC\u0102, Petru BODOGA, Camelia AGAPESCU; Compositions and process for obtaining innovative enzymatic formulations for root canal lavage; Patent application No. A\/00472\/2016;<\/li>\n<li>Chifiriuc Mariana Carmen; Ditu Lia Mara; Ficai Anton; Ficai Denisa; Grosu Elena; Rapa Maria; Ulinici Sorin Claudiu; Chifiriuc Mariana Carmen; Ditu Lia Mara; Ficai Anton; Ficai Denisa; Grosu Elena; Rapa Maria; Ulinici Sorin Claudiu; Tubular laminated prosthetic device with antimicrobial properties \u2013 Dispozitiv protetic tubular stratificat cu proprietati antimicrobiene; National Patent Application OSIM RO201500105A\u00b72015-02-16; <a href=\"https:\/\/worldwide.espacenet.com\/patent\/search?q=pn%3DRO131309A2\">RO131309A2<\/a><\/li>\n<li><strong>Anton FICAI<\/strong>, Ecaterina ANDRONESCU, Maria SONMEZ, Denisa FICAI, Ioan Avram NEDELCU; Madalina Georgiana ALBU; Bone grafts based on collagen, calcium phosphate and zinc and process for preparing the same \/ Grefe osoase pe baz\u0103 de colagen, fosfat de calciu \u015fi zinc si procedeu de ob\u0163inere a acestora; OSIM A00240\/23.03.2013.<\/li>\n<\/ol>\n<p style=\"text-align: center;\"><span style=\"color: #000000; font-family: arial, helvetica, sans-serif;\"><span class=\"summary\">Click<strong> <a class=\"download-link\" title=\"\" href=\"http:\/\/anton.ficai.eu?download=580\" rel=\"nofollow\">\n\tCV_A FICAI\t(1501 downloads)\n<\/a><\/strong> for the full CV!<\/span><\/span><\/p>\n","protected":false},"excerpt":{"rendered":"<p>Click for the full CV! ISSUED PATTENTS: Anton FICAI, Geanina Silviana BANU, Denisa FICAI, Claudiu Virgil BANU, Nicolae COSTACHE, Procedeu de ob\u021binere a nanopulberilor, instala\u021bie pentru realizarea procedeului \u0219i nanopulberi astfel ob\u021binute, cerere de brevet na\u0163ional\u0103 \u00eenregistrat\u0103 la OSIM cu nr. A\/00415 din 12.06.2018; RO133758 (B1). SONMEZ Maria; FICAI Denisa; &hellip;<\/p>\n","protected":false},"author":1,"featured_media":0,"parent":28,"menu_order":5,"comment_status":"closed","ping_status":"closed","template":"","meta":{"footnotes":""},"class_list":["post-44","page","type-page","status-publish","hentry"],"_links":{"self":[{"href":"https:\/\/anton.ficai.eu\/index.php?rest_route=\/wp\/v2\/pages\/44","targetHints":{"allow":["GET"]}}],"collection":[{"href":"https:\/\/anton.ficai.eu\/index.php?rest_route=\/wp\/v2\/pages"}],"about":[{"href":"https:\/\/anton.ficai.eu\/index.php?rest_route=\/wp\/v2\/types\/page"}],"author":[{"embeddable":true,"href":"https:\/\/anton.ficai.eu\/index.php?rest_route=\/wp\/v2\/users\/1"}],"replies":[{"embeddable":true,"href":"https:\/\/anton.ficai.eu\/index.php?rest_route=%2Fwp%2Fv2%2Fcomments&post=44"}],"version-history":[{"count":11,"href":"https:\/\/anton.ficai.eu\/index.php?rest_route=\/wp\/v2\/pages\/44\/revisions"}],"predecessor-version":[{"id":592,"href":"https:\/\/anton.ficai.eu\/index.php?rest_route=\/wp\/v2\/pages\/44\/revisions\/592"}],"up":[{"embeddable":true,"href":"https:\/\/anton.ficai.eu\/index.php?rest_route=\/wp\/v2\/pages\/28"}],"wp:attachment":[{"href":"https:\/\/anton.ficai.eu\/index.php?rest_route=%2Fwp%2Fv2%2Fmedia&parent=44"}],"curies":[{"name":"wp","href":"https:\/\/api.w.org\/{rel}","templated":true}]}}