{"id":46,"date":"2016-09-20T14:20:51","date_gmt":"2016-09-20T14:20:51","guid":{"rendered":"http:\/\/anton.ficai.eu\/?page_id=46"},"modified":"2022-01-08T19:50:11","modified_gmt":"2022-01-08T19:50:11","slug":"books-chapters-of-books","status":"publish","type":"page","link":"https:\/\/anton.ficai.eu\/?page_id=46","title":{"rendered":"Books &#038; Chapters of Books"},"content":{"rendered":"<p style=\"text-align: center;\"><span style=\"color: #000000;\"><span class=\"summary\">Click<strong> <a class=\"download-link\" title=\"\" href=\"http:\/\/anton.ficai.eu?download=580\" rel=\"nofollow\">\n\tCV_A FICAI\t(1501 downloads)\n<\/a><\/strong> for the full CV!<\/span><\/span><\/p>\n<ol>\n<li>Alina Moro\u0219an; Alexa-Maria Croitoru; Georgiana Dolete; Angela Spoial\u0103; Denisa Ficai; Anton Ficai; Mariana Carmen Chifiriuc. Nanotechnologies &#8211; A Modern Approach against the Development of Bacterial Resistance; Austin Publishing Group. Vol. 1, Chapter 3, pp. 39-48.<\/li>\n<li><strong>Anton Ficai<\/strong>, Alexandru Grumezescu (Editors); Nanostructures for Antimicrobial Therapy; Elsevier Science Publishing Co Inc; 722pages; ISBN 0323461522; 2017;<\/li>\n<li><em>Alexandru Mihai Grumezescu, <strong>Anton Ficai<\/strong> (Editors); Nanostructures for Cancer Therapy; Elsevier Science Publishing Co Inc; 920pages; ISBN 0323461522; 2017<\/em><em>;<\/em><\/li>\n<li>Ficai D, <strong>Ficai A. <\/strong>Prevention of biofilm formation by material modification. Biofilms and Implantable Medical Devices: Infection and Control: Elsevier Inc.; 2016. p. 160-180;<\/li>\n<li>Mariana Carmen Chifiriuc, <strong>Anton Ficai<\/strong>, Alexandru Mihai Grumezescu, Lia-Mara Ditu, Marcela Popa, Carmen Iordache, Alina Maria Holban, \u015eerban Vifor Gabriel Beresteanu, Raluca Grigore, Veronica Lazar; Chapter 1 &#8211; Soft tissue engineering and microbial infections: Challenges and perspectives; in <em>Nanobiomaterials in Soft Tissue Engineering<\/em>, <em>2016<\/em>, <em>1-29;<\/em><\/li>\n<li>Denisa Ficai, Madalina Georgiana Albu, Maria Sonmez, <strong>Anton Ficai<\/strong>, Ecaterina Andronescu; Chapter 13 &#8211; Advances in the field of soft tissue engineering: From pure regenerative to integrative solutions <em>in <\/em>Nanobiomaterials in Soft Tissue Engineering Applications of Nanobiomaterials Volume 5; <em>Alexandru Grumezescu (Ed); <\/em>Elsevier, 2016; <em>355-386;<\/em><\/li>\n<li><strong>Ficai A,<\/strong> Ficai D, Andronescu E, Yetmez M, Ozkalayci N<em>, et al. <\/em>Nanotechnology in dentistry. Nanobiomaterials in Dentistry: Applications of Nanobiomaterials: Elsevier Inc.; 2016. p. 187-210. (<strong>English<\/strong>);<\/li>\n<li>Denisa FICAI, <strong>Anton FICAI<\/strong>, Ecaterina ANDRONESCU; Advances in Cancer Treatment; Role of Nanoparticles; INTECH, 2015, 1-21 (<strong>English<\/strong>);<\/li>\n<li>Alexandru Mihai Grumezescu, Alina Maria Holban, <strong>Anton Ficai<\/strong>, Valentina Grumezescu, Veronica Lazar and Mariana Carmen Chifiriuc: Nanosized Materials with Antibiofilm Activity. Recent Developments in Biotechnology Vol. 10: Nano-Biotechnology, Studium Press LLC, Houston, USA, 2013 (<strong>English<\/strong>);<\/li>\n<li>Mariana Carmen Chifiriuc, Alexandru Mihai Grumezescu, <strong>Anton Ficai<\/strong>, Alina Maria Holban: Applications of Nanotechnology for the Development of New Microbicidal and Microbiostatic Strategies. Recent Developments in Biotechnology Vol. 10: Nano-Biotechnology, Studium Press LLC, Houston, USA, 2013 (<strong>English<\/strong>);<\/li>\n<li>Ecaterina ANDRONESCU, Alexandru Mihai GRUMEZESCU, Cristina GHITULICA, <strong>Anton FICAI<\/strong>, Denisa FICAI and Mariana Carmen CHIFIRIUC; Novel Approach to Fabricate Magnetic Nanostructures for Biomedical Applications; Nanotechnology \u2013 Vol. 5 Drug Delivery &amp; Nanomedicine; STUDIUM PRESS LLC, ISBN: 1-62699-007-751-89 (38pages, <strong>English<\/strong>);<\/li>\n<li>Denisa FICAI, <strong>Anton FICAI<\/strong>, Alexandru Mihai GRUMEZESCU; Organic Chemistry; Workbook of theoretical Applications; SITECH Publishing House, Craiova 2012; ISBN 978-606-11-2343-8 (340 pages, Romanian);<\/li>\n<li><strong>Anton FICAI<\/strong>, Ecaterina ANDRONESCU; Biomateriale compozite pe baz\u0103 de colagen \u015fi hidroxiapatit\u0103 utilizate \u00een reconstruc\u0163ia osoas\u0103 (<em>Collagen and hydroxyapatite based composite biomaterials for bony tissue reconstruction<\/em>); Politehnica Press, 2011; ISBN: 978-606-515-257-1 (180 pages, Romanian);<\/li>\n<li><strong>Anton FICAI<\/strong>, Ecaterina ANDRONESCU, Georgeta VOICU and Denisa FICAI; \u201cAdvances in Collagen\/Hydroxyapatite Composite Materials\u201d in \u201cAdvances in composite materials for medicine and nanotechnology\u201d Editura INTECH, 2011, ISBN 978-953-307-235-7 pg. 3-32 (<strong>English<\/strong>);<\/li>\n<li><strong>Anton FICAI<\/strong>, Denisa M\u00e2nzu, Volumetrie. De la teorie la aplica\u0163ii de laborator, Editura Politehnica Press, 2009 ISBN 978-606-515-037-9 (170 pg) (Romanian);<\/li>\n<li>Ion ION, Alina Catrinel ION \u015fi <strong>Anton FICAI<\/strong>, <strong>Probleme de chimie analitic\u0103,<\/strong> a II-a (revizuit\u0103 \u015fi \u00eembun\u0103t\u0103\u0163it\u0103), Ed. Printech, 2005, ISBN: 973-718-394-0 (Romanian);<\/li>\n<li>Ion ION, Alina Catrinel ION \u015fi <strong>Anton FICAI, Probleme de chimie analitic\u0103,<\/strong> Cartea Universitar\u0103, 2003, ISBN: 973-7956-11-7(Romanian);<\/li>\n<li><em>Alina Catrinel ION, Ion ION, <strong>Anton FICAI<\/strong>, Dragos \u015eTEFAN; <\/em><strong>Environmental analytical chemistry. Applications of nanosensors. Chemically modified electrode for NO<sub>2<\/sub> determination in environmental applications; <\/strong>Seria &#8211; <strong>Micro and nanoengineering, <\/strong>Volume 11 &#8211; &#8220;Progress in nanoscience and nanotechnologies&#8221;, Editori: Dan Dascalu, Irina Kleps \u015fi Alina Catrinel ION; 2007: 231-239 (<strong>English<\/strong>).<\/li>\n<li style=\"text-align: justify;\"><\/li>\n<\/ol>\n<p style=\"text-align: center;\">\n<p style=\"text-align: center;\"><span style=\"color: #000000;\"><span class=\"summary\">Click<strong> <a class=\"download-link\" title=\"\" href=\"http:\/\/anton.ficai.eu?download=580\" rel=\"nofollow\">\n\tCV_A FICAI\t(1501 downloads)\n<\/a><\/strong> for the full CV!<\/span><\/span><\/p>\n","protected":false},"excerpt":{"rendered":"<p>Click for the full CV! Alina Moro\u0219an; Alexa-Maria Croitoru; Georgiana Dolete; Angela Spoial\u0103; Denisa Ficai; Anton Ficai; Mariana Carmen Chifiriuc. Nanotechnologies &#8211; A Modern Approach against the Development of Bacterial Resistance; Austin Publishing Group. Vol. 1, Chapter 3, pp. 39-48. Anton Ficai, Alexandru Grumezescu (Editors); Nanostructures for Antimicrobial Therapy; Elsevier &hellip;<\/p>\n","protected":false},"author":1,"featured_media":0,"parent":28,"menu_order":4,"comment_status":"closed","ping_status":"closed","template":"","meta":{"footnotes":""},"class_list":["post-46","page","type-page","status-publish","hentry"],"_links":{"self":[{"href":"https:\/\/anton.ficai.eu\/index.php?rest_route=\/wp\/v2\/pages\/46","targetHints":{"allow":["GET"]}}],"collection":[{"href":"https:\/\/anton.ficai.eu\/index.php?rest_route=\/wp\/v2\/pages"}],"about":[{"href":"https:\/\/anton.ficai.eu\/index.php?rest_route=\/wp\/v2\/types\/page"}],"author":[{"embeddable":true,"href":"https:\/\/anton.ficai.eu\/index.php?rest_route=\/wp\/v2\/users\/1"}],"replies":[{"embeddable":true,"href":"https:\/\/anton.ficai.eu\/index.php?rest_route=%2Fwp%2Fv2%2Fcomments&post=46"}],"version-history":[{"count":13,"href":"https:\/\/anton.ficai.eu\/index.php?rest_route=\/wp\/v2\/pages\/46\/revisions"}],"predecessor-version":[{"id":590,"href":"https:\/\/anton.ficai.eu\/index.php?rest_route=\/wp\/v2\/pages\/46\/revisions\/590"}],"up":[{"embeddable":true,"href":"https:\/\/anton.ficai.eu\/index.php?rest_route=\/wp\/v2\/pages\/28"}],"wp:attachment":[{"href":"https:\/\/anton.ficai.eu\/index.php?rest_route=%2Fwp%2Fv2%2Fmedia&parent=46"}],"curies":[{"name":"wp","href":"https:\/\/api.w.org\/{rel}","templated":true}]}}